{"id":3078,"date":"2025-09-09T16:42:06","date_gmt":"2025-09-09T14:42:06","guid":{"rendered":"https:\/\/julialopez.fr\/?page_id=3078"},"modified":"2025-09-09T21:46:21","modified_gmt":"2025-09-09T19:46:21","slug":"intimite","status":"publish","type":"page","link":"https:\/\/julialopez.fr\/index.php\/intimite\/","title":{"rendered":"Intimit\u00e9"},"content":{"rendered":"<div data-colibri-id=\"3078-c1\" class=\"style-1996 style-local-3078-c1 position-relative\">\n  <!---->\n  <div data-colibri-component=\"section\" data-colibri-id=\"3078-c2\" id=\"reusable-sections-3\" class=\"h-section h-section-global-spacing d-flex align-items-lg-center align-items-md-center align-items-center style-2011 style-local-3078-c2 position-relative\">\n    <!---->\n    <!---->\n    <div class=\"h-section-grid-container h-section-boxed-container\">\n      <!---->\n      <div data-colibri-id=\"3078-c3\" class=\"h-row-container gutters-row-lg-1 gutters-row-md-1 gutters-row-2 gutters-row-v-lg-1 gutters-row-v-md-1 gutters-row-v-2 style-2012 style-local-3078-c3 position-relative\">\n        <!---->\n        <div class=\"h-row justify-content-lg-center justify-content-md-center justify-content-center align-items-lg-stretch align-items-md-stretch align-items-stretch gutters-col-lg-1 gutters-col-md-1 gutters-col-2 gutters-col-v-lg-1 gutters-col-v-md-1 gutters-col-v-2\">\n          <!---->\n          <div class=\"h-column h-column-container d-flex h-col-lg-auto h-col-md-auto h-col-auto style-2013-outer style-local-3078-c4-outer\">\n            <div data-colibri-id=\"3078-c4\" class=\"d-flex h-flex-basis h-column__inner h-px-lg-2 h-px-md-2 h-px-2 v-inner-lg-2 v-inner-md-2 v-inner-2 style-2013 style-local-3078-c4 position-relative\">\n              <!---->\n              <!---->\n              <div class=\"w-100 h-y-container h-column__content h-column__v-align flex-basis-100 align-self-lg-start align-self-md-start align-self-start\">\n                <!---->\n                <div data-colibri-id=\"3078-c5\" class=\"d-block style-2014 style-local-3078-c5 position-relative h-element\">\n                  <!---->\n                  <div class=\"h-image__frame-container-outer\">\n                    <a href=\"http:\/\/julialopez.fr\/wp-content\/uploads\/2025\/09\/1000013257.jpg\" h-use-smooth-scroll=\"true\" class=\"image-link\">\n                      <div class=\"h-image__frame-container\">\n                        <!---->\n                        <!---->\n                        <img loading=\"lazy\" decoding=\"async\" width=\"1594\" height=\"2000\" src=\"http:\/\/julialopez.fr\/wp-content\/uploads\/2025\/09\/1000013257.jpg\" class=\"wp-image-3094 style-2014-image style-local-3078-c5-image\" alt=\"Intimite-peinture-cheval\" srcset=\"https:\/\/julialopez.fr\/wp-content\/uploads\/2025\/09\/1000013257.jpg 1594w, https:\/\/julialopez.fr\/wp-content\/uploads\/2025\/09\/1000013257-239x300.jpg 239w, https:\/\/julialopez.fr\/wp-content\/uploads\/2025\/09\/1000013257-816x1024.jpg 816w, https:\/\/julialopez.fr\/wp-content\/uploads\/2025\/09\/1000013257-768x964.jpg 768w, https:\/\/julialopez.fr\/wp-content\/uploads\/2025\/09\/1000013257-1224x1536.jpg 1224w\" sizes=\"auto, (max-width: 1594px) 100vw, 1594px\" \/>\n                        <div class=\"h-image__frame h-hide-lg h-hide-md h-hide-sm style-2014-frameImage style-local-3078-c5-frameImage\"><\/div>\n                      <\/div>\n                    <\/a>\n                  <\/div>\n                <\/div>\n              <\/div>\n            <\/div>\n          <\/div>\n          <div class=\"h-column h-column-container d-flex h-col-lg-auto h-col-md-auto h-col-auto style-2015-outer style-local-3078-c6-outer\">\n            <div data-colibri-id=\"3078-c6\" class=\"d-flex h-flex-basis h-column__inner h-px-lg-2 h-px-md-2 h-px-2 v-inner-lg-2 v-inner-md-2 v-inner-2 style-2015 style-local-3078-c6 position-relative\">\n              <!---->\n              <!---->\n              <div class=\"w-100 h-y-container h-column__content h-column__v-align flex-basis-100 align-self-lg-center align-self-md-center align-self-center\">\n                <!---->\n                <div data-colibri-id=\"3078-c7\" class=\"h-global-transition-all h-heading style-2016 style-local-3078-c7 position-relative h-element\">\n                  <!---->\n                  <div class=\"h-heading__outer style-2016 style-local-3078-c7\">\n                    <!---->\n                    <!---->\n                    <h2 class=\"\">Intimit\u00e9&nbsp;<\/h2>\n                  <\/div>\n                <\/div>\n                <div data-colibri-id=\"3078-c8\" class=\"h-lead h-text h-text-component style-2017 style-local-3078-c8 position-relative h-element\">\n                  <!---->\n                  <!---->\n                  <div class=\"\">\n                    <p><span style=\"font-weight: 400; font-family: Alegreya;\">Technique : acrylique<\/span><\/p>\n                    <p><span style=\"font-weight: 400; font-family: Alegreya;\">Toile : lin, 100 x 80cm<\/span><\/p>\n                    <p><span style=\"font-weight: 400; font-family: Alegreya;\">Encadr\u00e9 : non<\/span><\/p>\n                    <p><span style=\"font-weight: 400; font-family: Alegreya;\">Vernis : oui<\/span><\/p>\n                    <p><span style=\"font-weight: 400; font-family: Alegreya;\">Disponibilit\u00e9 : disponible<\/span><\/p>\n                    <p>\n                      <br>\n                    <\/p>\n                  <\/div>\n                <\/div>\n              <\/div>\n            <\/div>\n          <\/div>\n        <\/div>\n      <\/div>\n    <\/div>\n  <\/div>\n  <div data-colibri-component=\"section\" data-colibri-id=\"3078-c13\" id=\"reusable-sections-2\" class=\"h-section h-section-global-spacing d-flex align-items-lg-center align-items-md-center align-items-center style-2003 style-local-3078-c13 position-relative\">\n    <!---->\n    <!---->\n    <div class=\"h-section-grid-container h-section-boxed-container\">\n      <!---->\n      <div data-colibri-id=\"3078-c14\" class=\"h-row-container gutters-row-lg-2 gutters-row-md-2 gutters-row-0 gutters-row-v-lg-2 gutters-row-v-md-2 gutters-row-v-2 style-2004 style-local-3078-c14 position-relative\">\n        <!---->\n        <div class=\"h-row justify-content-lg-center justify-content-md-center justify-content-center align-items-lg-stretch align-items-md-stretch align-items-stretch gutters-col-lg-2 gutters-col-md-2 gutters-col-0 gutters-col-v-lg-2 gutters-col-v-md-2 gutters-col-v-2\">\n          <!---->\n          <div class=\"h-column h-column-container d-flex h-col-lg-auto h-col-md-auto h-col-auto style-2005-outer style-local-3078-c15-outer\">\n            <div data-colibri-id=\"3078-c15\" class=\"d-flex h-flex-basis h-column__inner h-px-lg-2 h-px-md-2 h-px-2 v-inner-lg-2 v-inner-md-2 v-inner-2 style-2005 style-local-3078-c15 position-relative\">\n              <!---->\n              <!---->\n              <div class=\"w-100 h-y-container h-column__content h-column__v-align flex-basis-100 align-self-lg-start align-self-md-start align-self-start\">\n                <!---->\n                <div data-colibri-id=\"3078-c16\" class=\"d-block style-2006 style-local-3078-c16 position-relative h-element\">\n                  <!---->\n                  <div class=\"h-image__frame-container-outer\">\n                    <a href=\"http:\/\/julialopez.fr\/wp-content\/uploads\/2025\/09\/1000013227-1-scaled.jpg\" h-use-smooth-scroll=\"true\" class=\"image-link\">\n                      <div class=\"h-image__frame-container\">\n                        <!---->\n                        <!---->\n                        <img loading=\"lazy\" decoding=\"async\" width=\"1928\" height=\"2560\" src=\"http:\/\/julialopez.fr\/wp-content\/uploads\/2025\/09\/1000013227-1-scaled.jpg\" class=\"wp-image-3102 style-2006-image style-local-3078-c16-image\" alt=\"cheval-peinture\" srcset=\"https:\/\/julialopez.fr\/wp-content\/uploads\/2025\/09\/1000013227-1-scaled.jpg 1928w, https:\/\/julialopez.fr\/wp-content\/uploads\/2025\/09\/1000013227-1-226x300.jpg 226w, https:\/\/julialopez.fr\/wp-content\/uploads\/2025\/09\/1000013227-1-771x1024.jpg 771w, https:\/\/julialopez.fr\/wp-content\/uploads\/2025\/09\/1000013227-1-768x1020.jpg 768w, https:\/\/julialopez.fr\/wp-content\/uploads\/2025\/09\/1000013227-1-1157x1536.jpg 1157w, https:\/\/julialopez.fr\/wp-content\/uploads\/2025\/09\/1000013227-1-1542x2048.jpg 1542w\" sizes=\"auto, (max-width: 1928px) 100vw, 1928px\" \/>\n                        <div class=\"h-image__frame h-hide-lg h-hide-md h-hide-sm style-2006-frameImage style-local-3078-c16-frameImage\"><\/div>\n                      <\/div>\n                    <\/a>\n                  <\/div>\n                <\/div>\n              <\/div>\n            <\/div>\n          <\/div>\n          <div class=\"h-column h-column-container d-flex h-col-lg-auto h-col-md-auto h-col-auto style-2007-outer style-local-3078-c17-outer\">\n            <div data-colibri-id=\"3078-c17\" class=\"d-flex h-flex-basis h-column__inner h-px-lg-2 h-px-md-2 h-px-2 v-inner-lg-2 v-inner-md-2 v-inner-2 style-2007 style-local-3078-c17 position-relative\">\n              <!---->\n              <!---->\n              <div class=\"w-100 h-y-container h-column__content h-column__v-align flex-basis-100 align-self-lg-start align-self-md-start align-self-start\">\n                <!---->\n                <div data-colibri-id=\"3078-c18\" class=\"d-block style-2008 style-local-3078-c18 position-relative h-element\">\n                  <!---->\n                  <div class=\"h-image__frame-container-outer\">\n                    <a href=\"http:\/\/julialopez.fr\/wp-content\/uploads\/2025\/09\/1000013230-1-scaled.jpg\" h-use-smooth-scroll=\"true\" class=\"image-link\">\n                      <div class=\"h-image__frame-container\">\n                        <!---->\n                        <!---->\n                        <img loading=\"lazy\" decoding=\"async\" width=\"1872\" height=\"2560\" src=\"http:\/\/julialopez.fr\/wp-content\/uploads\/2025\/09\/1000013230-1-scaled.jpg\" class=\"wp-image-3105 style-2008-image style-local-3078-c18-image\" alt=\"peinture-cheval-signature\" srcset=\"https:\/\/julialopez.fr\/wp-content\/uploads\/2025\/09\/1000013230-1-scaled.jpg 1872w, https:\/\/julialopez.fr\/wp-content\/uploads\/2025\/09\/1000013230-1-219x300.jpg 219w, https:\/\/julialopez.fr\/wp-content\/uploads\/2025\/09\/1000013230-1-749x1024.jpg 749w, https:\/\/julialopez.fr\/wp-content\/uploads\/2025\/09\/1000013230-1-768x1050.jpg 768w, https:\/\/julialopez.fr\/wp-content\/uploads\/2025\/09\/1000013230-1-1123x1536.jpg 1123w, https:\/\/julialopez.fr\/wp-content\/uploads\/2025\/09\/1000013230-1-1497x2048.jpg 1497w\" sizes=\"auto, (max-width: 1872px) 100vw, 1872px\" \/>\n                        <div class=\"h-image__frame h-hide-lg h-hide-md h-hide-sm style-2008-frameImage style-local-3078-c18-frameImage\"><\/div>\n                      <\/div>\n                    <\/a>\n                  <\/div>\n                <\/div>\n              <\/div>\n            <\/div>\n          <\/div>\n          <div class=\"h-column h-column-container d-flex h-col-lg-auto h-col-md-auto h-col-auto style-2007-outer style-local-3078-c21-outer\">\n            <div data-colibri-id=\"3078-c21\" class=\"d-flex h-flex-basis h-column__inner h-px-lg-2 h-px-md-2 h-px-2 v-inner-lg-2 v-inner-md-2 v-inner-2 style-2007 style-local-3078-c21 position-relative\">\n              <!---->\n              <!---->\n              <div class=\"w-100 h-y-container h-column__content h-column__v-align flex-basis-100 align-self-lg-start align-self-md-start align-self-start\">\n                <!---->\n                <div data-colibri-id=\"3078-c22\" class=\"d-block style-2008 style-local-3078-c22 position-relative h-element\">\n                  <!---->\n                  <div class=\"h-image__frame-container-outer\">\n                    <a href=\"http:\/\/julialopez.fr\/wp-content\/uploads\/2025\/09\/1000013254.jpg\" h-use-smooth-scroll=\"true\" class=\"image-link\">\n                      <div class=\"h-image__frame-container\">\n                        <!---->\n                        <!---->\n                        <img loading=\"lazy\" decoding=\"async\" width=\"1594\" height=\"2000\" src=\"http:\/\/julialopez.fr\/wp-content\/uploads\/2025\/09\/1000013254.jpg\" class=\"wp-image-3121 style-2008-image style-local-3078-c22-image\" alt=\"\" srcset=\"https:\/\/julialopez.fr\/wp-content\/uploads\/2025\/09\/1000013254.jpg 1594w, https:\/\/julialopez.fr\/wp-content\/uploads\/2025\/09\/1000013254-239x300.jpg 239w, https:\/\/julialopez.fr\/wp-content\/uploads\/2025\/09\/1000013254-816x1024.jpg 816w, https:\/\/julialopez.fr\/wp-content\/uploads\/2025\/09\/1000013254-768x964.jpg 768w, https:\/\/julialopez.fr\/wp-content\/uploads\/2025\/09\/1000013254-1224x1536.jpg 1224w\" sizes=\"auto, (max-width: 1594px) 100vw, 1594px\" \/>\n                        <div class=\"h-image__frame h-hide-lg h-hide-md h-hide-sm style-2008-frameImage style-local-3078-c22-frameImage\"><\/div>\n                      <\/div>\n                    <\/a>\n                  <\/div>\n                <\/div>\n              <\/div>\n            <\/div>\n          <\/div>\n          <div class=\"h-column h-column-container d-flex h-col-lg-auto h-col-md-auto h-col-auto style-2009-outer style-local-3078-c19-outer\">\n            <div data-colibri-id=\"3078-c19\" class=\"d-flex h-flex-basis h-column__inner h-px-lg-2 h-px-md-2 h-px-2 v-inner-lg-2 v-inner-md-2 v-inner-2 style-2009 style-local-3078-c19 position-relative\">\n              <!---->\n              <!---->\n              <div class=\"w-100 h-y-container h-column__content h-column__v-align flex-basis-100 align-self-lg-start align-self-md-start align-self-start\">\n                <!---->\n                <div data-colibri-id=\"3078-c20\" class=\"d-block style-2010 style-local-3078-c20 position-relative h-element\">\n                  <!---->\n                  <div class=\"h-image__frame-container-outer\">\n                    <a href=\"http:\/\/julialopez.fr\/wp-content\/uploads\/2025\/09\/1000013228-scaled.jpg\" h-use-smooth-scroll=\"true\" class=\"image-link\">\n                      <div class=\"h-image__frame-container\">\n                        <!---->\n                        <!---->\n                        <img loading=\"lazy\" decoding=\"async\" width=\"1928\" height=\"2560\" src=\"http:\/\/julialopez.fr\/wp-content\/uploads\/2025\/09\/1000013228-scaled.jpg\" class=\"wp-image-3103 style-2010-image style-local-3078-c20-image\" alt=\"peinture-cheval\" srcset=\"https:\/\/julialopez.fr\/wp-content\/uploads\/2025\/09\/1000013228-scaled.jpg 1928w, https:\/\/julialopez.fr\/wp-content\/uploads\/2025\/09\/1000013228-226x300.jpg 226w, https:\/\/julialopez.fr\/wp-content\/uploads\/2025\/09\/1000013228-771x1024.jpg 771w, https:\/\/julialopez.fr\/wp-content\/uploads\/2025\/09\/1000013228-768x1020.jpg 768w, https:\/\/julialopez.fr\/wp-content\/uploads\/2025\/09\/1000013228-1157x1536.jpg 1157w, https:\/\/julialopez.fr\/wp-content\/uploads\/2025\/09\/1000013228-1542x2048.jpg 1542w\" sizes=\"auto, (max-width: 1928px) 100vw, 1928px\" \/>\n                        <div class=\"h-image__frame h-hide-lg h-hide-md h-hide-sm style-2010-frameImage style-local-3078-c20-frameImage\"><\/div>\n                      <\/div>\n                    <\/a>\n                  <\/div>\n                <\/div>\n              <\/div>\n            <\/div>\n          <\/div>\n        <\/div>\n      <\/div>\n    <\/div>\n  <\/div>\n<\/div>","protected":false},"excerpt":{"rendered":"<p>Intimit\u00e9&nbsp; Technique : acrylique Toile : lin, 100 x 80cm Encadr\u00e9 : non Vernis : oui Disponibilit\u00e9 : disponible<\/p>\n","protected":false},"author":1,"featured_media":0,"parent":0,"menu_order":0,"comment_status":"closed","ping_status":"closed","template":"page-templates\/full-width-page.php","meta":{"footnotes":""},"class_list":["post-3078","page","type-page","status-publish","hentry"],"_links":{"self":[{"href":"https:\/\/julialopez.fr\/index.php\/wp-json\/wp\/v2\/pages\/3078","targetHints":{"allow":["GET"]}}],"collection":[{"href":"https:\/\/julialopez.fr\/index.php\/wp-json\/wp\/v2\/pages"}],"about":[{"href":"https:\/\/julialopez.fr\/index.php\/wp-json\/wp\/v2\/types\/page"}],"author":[{"embeddable":true,"href":"https:\/\/julialopez.fr\/index.php\/wp-json\/wp\/v2\/users\/1"}],"replies":[{"embeddable":true,"href":"https:\/\/julialopez.fr\/index.php\/wp-json\/wp\/v2\/comments?post=3078"}],"version-history":[{"count":6,"href":"https:\/\/julialopez.fr\/index.php\/wp-json\/wp\/v2\/pages\/3078\/revisions"}],"predecessor-version":[{"id":3123,"href":"https:\/\/julialopez.fr\/index.php\/wp-json\/wp\/v2\/pages\/3078\/revisions\/3123"}],"wp:attachment":[{"href":"https:\/\/julialopez.fr\/index.php\/wp-json\/wp\/v2\/media?parent=3078"}],"curies":[{"name":"wp","href":"https:\/\/api.w.org\/{rel}","templated":true}]}}