{"id":1678,"date":"2025-03-17T21:34:41","date_gmt":"2025-03-17T20:34:41","guid":{"rendered":"https:\/\/julialopez.fr\/?page_id=1678"},"modified":"2025-03-17T22:21:50","modified_gmt":"2025-03-17T21:21:50","slug":"reve","status":"publish","type":"page","link":"https:\/\/julialopez.fr\/index.php\/reve\/","title":{"rendered":"R\u00eave"},"content":{"rendered":"<div data-colibri-id=\"1678-c1\" class=\"style-1358 style-local-1678-c1 position-relative\">\n  <!---->\n  <div data-colibri-component=\"section\" data-colibri-id=\"1678-c2\" id=\"reusable-sections\" class=\"h-section h-section-global-spacing d-flex align-items-lg-center align-items-md-center align-items-center style-1359 style-local-1678-c2 position-relative\">\n    <!---->\n    <!---->\n    <div class=\"h-section-grid-container h-section-boxed-container\">\n      <!---->\n      <div data-colibri-id=\"1678-c3\" class=\"h-row-container gutters-row-lg-1 gutters-row-md-1 gutters-row-2 gutters-row-v-lg-1 gutters-row-v-md-1 gutters-row-v-2 style-1360 style-local-1678-c3 position-relative\">\n        <!---->\n        <div class=\"h-row justify-content-lg-center justify-content-md-center justify-content-center align-items-lg-stretch align-items-md-stretch align-items-stretch gutters-col-lg-1 gutters-col-md-1 gutters-col-2 gutters-col-v-lg-1 gutters-col-v-md-1 gutters-col-v-2\">\n          <!---->\n          <div class=\"h-column h-column-container d-flex h-col-lg-auto h-col-md-auto h-col-auto style-1361-outer style-local-1678-c4-outer\">\n            <div data-colibri-id=\"1678-c4\" class=\"d-flex h-flex-basis h-column__inner h-px-lg-2 h-px-md-2 h-px-2 v-inner-lg-2 v-inner-md-2 v-inner-2 style-1361 style-local-1678-c4 position-relative\">\n              <!---->\n              <!---->\n              <div class=\"w-100 h-y-container h-column__content h-column__v-align flex-basis-100 align-self-lg-start align-self-md-start align-self-start\">\n                <!---->\n                <div data-colibri-id=\"1678-c5\" class=\"h-global-transition-all h-heading style-1362 style-local-1678-c5 position-relative h-element\">\n                  <!---->\n                  <div class=\"h-heading__outer style-1362 style-local-1678-c5\">\n                    <!---->\n                    <!---->\n                    <h2 class=\"\">R\u00eave&nbsp;<\/h2>\n                  <\/div>\n                <\/div>\n                <div data-colibri-id=\"1678-c6\" class=\"h-lead h-text h-text-component style-1363 style-local-1678-c6 position-relative h-element\">\n                  <!---->\n                  <!---->\n                  <div class=\"\">\n                    <p><span style=\"font-weight: 400; font-family: Alegreya;\">Technique : acrylique<\/span><\/p>\n                    <p><span style=\"font-weight: 400; font-family: Alegreya;\">Toile : cotton, 60 x 92cm<\/span><\/p>\n                    <p><span style=\"font-weight: 400; font-family: Alegreya;\">Encadr\u00e9 : non<\/span><\/p>\n                    <p><span style=\"font-weight: 400; font-family: Alegreya;\">Vernis : oui<\/span><\/p>\n                    <p><span style=\"font-weight: 400; font-family: Alegreya;\">Disponibilit\u00e9 : disponible<\/span><\/p>\n                    <p>\n                      <br>\n                    <\/p>\n                  <\/div>\n                <\/div>\n                <div data-colibri-id=\"1678-c13\" class=\"h-lead h-text h-text-component style-1363 style-local-1678-c13 position-relative h-element\">\n                  <!---->\n                  <!---->\n                  <div class=\"\">\n                    <p><em style=\"color: rgb(0, 0, 0); font-family: Alegreya; font-size: 94%; font-weight: 400;\"><br>\u00ab\u00a0Le regard, \u00e0 la fois profond et insondable&#8230; Est-ce un v\u00e9ritable cheval issu de notre monde, ou bien une cr\u00e9ature appartenant \u00e0 un univers imaginaire, \u00e9chapp\u00e9e d\u2019un r\u00eave ou d\u2019une l\u00e9gende\u202f? Ce tableau semble murmurer des secrets, vous \u00eates bienvenu \u00e0 y projeter votre propre interpr\u00e9tation<\/em>\n                      <em\n                        style=\"color: rgb(23, 37, 42); font-family: &quot;Open Sans&quot;; font-size: 94%; font-weight: 400;\">.\u00a0\u00bb<\/em>\n                    <\/p>\n                    <p>\n                      <br>\n                    <\/p>\n                  <\/div>\n                <\/div>\n              <\/div>\n            <\/div>\n          <\/div>\n          <div class=\"h-column h-column-container d-flex h-col-lg-auto h-col-md-auto h-col-auto style-1364-outer style-local-1678-c7-outer\">\n            <div data-colibri-id=\"1678-c7\" class=\"d-flex h-flex-basis h-column__inner h-px-lg-0 h-px-md-0 h-px-0 v-inner-lg-0 v-inner-md-0 v-inner-0 style-1364 style-local-1678-c7 position-relative\">\n              <!---->\n              <!---->\n              <div class=\"w-100 h-y-container h-column__content h-column__v-align flex-basis-100 align-self-lg-center align-self-md-center align-self-center\">\n                <!---->\n                <div data-colibri-component=\"masonry\" data-colibri-id=\"1678-c8\" class=\"h-photo-gallery margin-none caption-none style-1365 style-local-1678-c8 position-relative h-element\">\n                  <!---->\n                  <div class=\"h-global-transition-all\"><div id='colibri-1678-c8' class='gallery-wrapper'>    <style type=\"text\/css\">\n\n        @media (min-width: 1023px) {        #colibri-1678-c8        dl {\n            float: left;\n            width: 50% !important;\n            max-width: 50% !important;\n            min-width: 50% !important;\n        }\n\n        #colibri-1678-c8        dl:nth-of-type(2n +1 ) {\n            clear: both;\n        }\n\n        }@media (min-width: 768px) and (max-width: 1023px) {        #colibri-1678-c8        dl {\n            float: left;\n            width: 50% !important;\n            max-width: 50% !important;\n            min-width: 50% !important;\n        }\n\n        #colibri-1678-c8        dl:nth-of-type(2n +1 ) {\n            clear: both;\n        }\n\n        }@media (max-width: 767px) {        #colibri-1678-c8        dl {\n            float: left;\n            width: 50% !important;\n            max-width: 50% !important;\n            min-width: 50% !important;\n        }\n\n        #colibri-1678-c8        dl:nth-of-type(2n +1 ) {\n            clear: both;\n        }\n\n        }\n        #colibri-1678-c8        .gallery-item {\n            position: relative;\n        }\n\n        \n    <\/style>\n    <div   class='colibri-1678-c8-dls-wrapper gallery-items-wrapper' ><dl class='gallery-item masonry-item'>\n\t\t\t<dt class='gallery-icon portrait'>\n\t\t\t\t<a data-fancybox=\"colibri-1678-c8-group\" href='https:\/\/julialopez.fr\/wp-content\/uploads\/2025\/03\/numerise_20250317-2115-06-scaled.jpg'><img loading=\"lazy\" decoding=\"async\"  width=\"205\" height=\"300\" src=\"https:\/\/julialopez.fr\/wp-content\/uploads\/2025\/03\/numerise_20250317-2115-06-205x300.jpg\"  class='colibri-1678-c8-image' alt=\"\" srcset=\"https:\/\/julialopez.fr\/wp-content\/uploads\/2025\/03\/numerise_20250317-2115-06-205x300.jpg 205w, https:\/\/julialopez.fr\/wp-content\/uploads\/2025\/03\/numerise_20250317-2115-06-700x1024.jpg 700w, https:\/\/julialopez.fr\/wp-content\/uploads\/2025\/03\/numerise_20250317-2115-06-768x1124.jpg 768w, https:\/\/julialopez.fr\/wp-content\/uploads\/2025\/03\/numerise_20250317-2115-06-1050x1536.jpg 1050w, https:\/\/julialopez.fr\/wp-content\/uploads\/2025\/03\/numerise_20250317-2115-06-1400x2048.jpg 1400w, https:\/\/julialopez.fr\/wp-content\/uploads\/2025\/03\/numerise_20250317-2115-06-scaled.jpg 1750w\" sizes=\"auto, (max-width: 205px) 100vw, 205px\" \/><\/a>\n\t\t\t<\/dt><\/dl><dl class='gallery-item masonry-item'>\n\t\t\t<dt class='gallery-icon portrait'>\n\t\t\t\t<a data-fancybox=\"colibri-1678-c8-group\" href='https:\/\/julialopez.fr\/wp-content\/uploads\/2025\/03\/numerise_20250317-2115-07-scaled.jpeg'><img loading=\"lazy\" decoding=\"async\"  width=\"201\" height=\"300\" src=\"https:\/\/julialopez.fr\/wp-content\/uploads\/2025\/03\/numerise_20250317-2115-07-201x300.jpeg\"  class='colibri-1678-c8-image' alt=\"\" aria-describedby=\"gallery-1-1682\" srcset=\"https:\/\/julialopez.fr\/wp-content\/uploads\/2025\/03\/numerise_20250317-2115-07-201x300.jpeg 201w, https:\/\/julialopez.fr\/wp-content\/uploads\/2025\/03\/numerise_20250317-2115-07-685x1024.jpeg 685w, https:\/\/julialopez.fr\/wp-content\/uploads\/2025\/03\/numerise_20250317-2115-07-768x1148.jpeg 768w, https:\/\/julialopez.fr\/wp-content\/uploads\/2025\/03\/numerise_20250317-2115-07-1028x1536.jpeg 1028w, https:\/\/julialopez.fr\/wp-content\/uploads\/2025\/03\/numerise_20250317-2115-07-1370x2048.jpeg 1370w, https:\/\/julialopez.fr\/wp-content\/uploads\/2025\/03\/numerise_20250317-2115-07-scaled.jpeg 1713w\" sizes=\"auto, (max-width: 201px) 100vw, 201px\" \/><\/a>\n\t\t\t<\/dt>\n\t\t\t\t<div class=\"gallery-caption__wrapper\"><dd class='wp-caption-text gallery-caption' id='gallery-1-1682'>\n\t\t\t\tdream\n\t\t\t\t<\/dd><\/div><\/dl><dl class='gallery-item masonry-item'>\n\t\t\t<dt class='gallery-icon landscape'>\n\t\t\t\t<a data-fancybox=\"colibri-1678-c8-group\" href='https:\/\/julialopez.fr\/wp-content\/uploads\/2025\/03\/numerise_20250317-2115-09-scaled.jpeg'><img loading=\"lazy\" decoding=\"async\"  width=\"300\" height=\"197\" src=\"https:\/\/julialopez.fr\/wp-content\/uploads\/2025\/03\/numerise_20250317-2115-09-300x197.jpeg\"  class='colibri-1678-c8-image' alt=\"\" srcset=\"https:\/\/julialopez.fr\/wp-content\/uploads\/2025\/03\/numerise_20250317-2115-09-300x197.jpeg 300w, https:\/\/julialopez.fr\/wp-content\/uploads\/2025\/03\/numerise_20250317-2115-09-1024x672.jpeg 1024w, https:\/\/julialopez.fr\/wp-content\/uploads\/2025\/03\/numerise_20250317-2115-09-768x504.jpeg 768w, https:\/\/julialopez.fr\/wp-content\/uploads\/2025\/03\/numerise_20250317-2115-09-1536x1008.jpeg 1536w, https:\/\/julialopez.fr\/wp-content\/uploads\/2025\/03\/numerise_20250317-2115-09-2048x1344.jpeg 2048w\" sizes=\"auto, (max-width: 300px) 100vw, 300px\" \/><\/a>\n\t\t\t<\/dt><\/dl><dl class='gallery-item masonry-item'>\n\t\t\t<dt class='gallery-icon portrait'>\n\t\t\t\t<a data-fancybox=\"colibri-1678-c8-group\" href='https:\/\/julialopez.fr\/wp-content\/uploads\/2025\/03\/IMG_20250317_220903.jpg'><img loading=\"lazy\" decoding=\"async\"  width=\"239\" height=\"300\" src=\"https:\/\/julialopez.fr\/wp-content\/uploads\/2025\/03\/IMG_20250317_220903-239x300.jpg\"  class='colibri-1678-c8-image' alt=\"\" srcset=\"https:\/\/julialopez.fr\/wp-content\/uploads\/2025\/03\/IMG_20250317_220903-239x300.jpg 239w, https:\/\/julialopez.fr\/wp-content\/uploads\/2025\/03\/IMG_20250317_220903-814x1024.jpg 814w, https:\/\/julialopez.fr\/wp-content\/uploads\/2025\/03\/IMG_20250317_220903-768x966.jpg 768w, https:\/\/julialopez.fr\/wp-content\/uploads\/2025\/03\/IMG_20250317_220903.jpg 1080w\" sizes=\"auto, (max-width: 239px) 100vw, 239px\" \/><\/a>\n\t\t\t<\/dt><\/dl><dl class='gallery-item masonry-item'>\n\t\t\t<dt class='gallery-icon portrait'>\n\t\t\t\t<a data-fancybox=\"colibri-1678-c8-group\" href='https:\/\/julialopez.fr\/wp-content\/uploads\/2025\/03\/IMG_20250317_220925.jpg'><img loading=\"lazy\" decoding=\"async\"  width=\"239\" height=\"300\" src=\"https:\/\/julialopez.fr\/wp-content\/uploads\/2025\/03\/IMG_20250317_220925-239x300.jpg\"  class='colibri-1678-c8-image' alt=\"\" srcset=\"https:\/\/julialopez.fr\/wp-content\/uploads\/2025\/03\/IMG_20250317_220925-239x300.jpg 239w, https:\/\/julialopez.fr\/wp-content\/uploads\/2025\/03\/IMG_20250317_220925-817x1024.jpg 817w, https:\/\/julialopez.fr\/wp-content\/uploads\/2025\/03\/IMG_20250317_220925-768x962.jpg 768w, https:\/\/julialopez.fr\/wp-content\/uploads\/2025\/03\/IMG_20250317_220925.jpg 1080w\" sizes=\"auto, (max-width: 239px) 100vw, 239px\" \/><\/a>\n\t\t\t<\/dt><\/dl><dl class='gallery-item masonry-item'>\n\t\t\t<dt class='gallery-icon portrait'>\n\t\t\t\t<a data-fancybox=\"colibri-1678-c8-group\" href='https:\/\/julialopez.fr\/wp-content\/uploads\/2025\/03\/IMG_20250317_220944.jpg'><img loading=\"lazy\" decoding=\"async\"  width=\"236\" height=\"300\" src=\"https:\/\/julialopez.fr\/wp-content\/uploads\/2025\/03\/IMG_20250317_220944-236x300.jpg\"  class='colibri-1678-c8-image' alt=\"\" srcset=\"https:\/\/julialopez.fr\/wp-content\/uploads\/2025\/03\/IMG_20250317_220944-236x300.jpg 236w, https:\/\/julialopez.fr\/wp-content\/uploads\/2025\/03\/IMG_20250317_220944-805x1024.jpg 805w, https:\/\/julialopez.fr\/wp-content\/uploads\/2025\/03\/IMG_20250317_220944-768x977.jpg 768w, https:\/\/julialopez.fr\/wp-content\/uploads\/2025\/03\/IMG_20250317_220944.jpg 816w\" sizes=\"auto, (max-width: 236px) 100vw, 236px\" \/><\/a>\n\t\t\t<\/dt><\/dl><dl class='gallery-item masonry-item'>\n\t\t\t<dt class='gallery-icon portrait'>\n\t\t\t\t<a data-fancybox=\"colibri-1678-c8-group\" href='https:\/\/julialopez.fr\/wp-content\/uploads\/2025\/03\/IMG_20250317_221022.jpg'><img loading=\"lazy\" decoding=\"async\"  width=\"238\" height=\"300\" src=\"https:\/\/julialopez.fr\/wp-content\/uploads\/2025\/03\/IMG_20250317_221022-238x300.jpg\"  class='colibri-1678-c8-image' alt=\"\" srcset=\"https:\/\/julialopez.fr\/wp-content\/uploads\/2025\/03\/IMG_20250317_221022-238x300.jpg 238w, https:\/\/julialopez.fr\/wp-content\/uploads\/2025\/03\/IMG_20250317_221022-813x1024.jpg 813w, https:\/\/julialopez.fr\/wp-content\/uploads\/2025\/03\/IMG_20250317_221022-768x967.jpg 768w, https:\/\/julialopez.fr\/wp-content\/uploads\/2025\/03\/IMG_20250317_221022.jpg 828w\" sizes=\"auto, (max-width: 238px) 100vw, 238px\" \/><\/a>\n\t\t\t<\/dt><\/dl>\n\t\t\t\n\t\t<\/div>\n<style>#colibri-1678-c8 .wp-caption-text.gallery-caption{display:none;}<\/style><\/div><\/div>\n                <\/div>\n              <\/div>\n            <\/div>\n          <\/div>\n        <\/div>\n      <\/div>\n    <\/div>\n  <\/div>\n<\/div>","protected":false},"excerpt":{"rendered":"<p>R\u00eave&nbsp; Technique : acrylique Toile : cotton, 60 x 92cm Encadr\u00e9 : non Vernis : oui Disponibilit\u00e9 : disponible \u00ab\u00a0Le regard, \u00e0 la fois profond et insondable&#8230; Est-ce un v\u00e9ritable cheval issu de notre monde, ou bien une cr\u00e9ature appartenant \u00e0 un univers imaginaire, \u00e9chapp\u00e9e d\u2019un r\u00eave ou d\u2019une l\u00e9gende\u202f? Ce tableau semble murmurer des [&hellip;]<\/p>\n","protected":false},"author":1,"featured_media":0,"parent":0,"menu_order":0,"comment_status":"closed","ping_status":"closed","template":"page-templates\/full-width-page.php","meta":{"footnotes":""},"class_list":["post-1678","page","type-page","status-publish","hentry"],"_links":{"self":[{"href":"https:\/\/julialopez.fr\/index.php\/wp-json\/wp\/v2\/pages\/1678","targetHints":{"allow":["GET"]}}],"collection":[{"href":"https:\/\/julialopez.fr\/index.php\/wp-json\/wp\/v2\/pages"}],"about":[{"href":"https:\/\/julialopez.fr\/index.php\/wp-json\/wp\/v2\/types\/page"}],"author":[{"embeddable":true,"href":"https:\/\/julialopez.fr\/index.php\/wp-json\/wp\/v2\/users\/1"}],"replies":[{"embeddable":true,"href":"https:\/\/julialopez.fr\/index.php\/wp-json\/wp\/v2\/comments?post=1678"}],"version-history":[{"count":4,"href":"https:\/\/julialopez.fr\/index.php\/wp-json\/wp\/v2\/pages\/1678\/revisions"}],"predecessor-version":[{"id":1707,"href":"https:\/\/julialopez.fr\/index.php\/wp-json\/wp\/v2\/pages\/1678\/revisions\/1707"}],"wp:attachment":[{"href":"https:\/\/julialopez.fr\/index.php\/wp-json\/wp\/v2\/media?parent=1678"}],"curies":[{"name":"wp","href":"https:\/\/api.w.org\/{rel}","templated":true}]}}