{"id":1661,"date":"2025-02-09T23:03:24","date_gmt":"2025-02-09T22:03:24","guid":{"rendered":"https:\/\/julialopez.fr\/?page_id=1661"},"modified":"2025-02-09T23:30:35","modified_gmt":"2025-02-09T22:30:35","slug":"peindre-le-quotidien","status":"publish","type":"page","link":"https:\/\/julialopez.fr\/index.php\/peindre-le-quotidien\/","title":{"rendered":"Peindre le quotidien"},"content":{"rendered":"<div data-colibri-id=\"1661-c1\" class=\"style-1324 style-local-1661-c1 position-relative\">\n  <!---->\n  <div data-colibri-component=\"section\" data-colibri-id=\"1661-c2\" id=\"custom\" class=\"h-section h-section-global-spacing d-flex align-items-lg-center align-items-md-center align-items-center style-1325 style-local-1661-c2 position-relative\">\n    <!---->\n    <!---->\n    <div class=\"h-section-grid-container h-section-boxed-container\">\n      <!---->\n      <div data-colibri-id=\"1661-c3\" class=\"h-row-container gutters-row-lg-2 gutters-row-md-2 gutters-row-0 gutters-row-v-lg-2 gutters-row-v-md-2 gutters-row-v-2 style-1326 style-local-1661-c3 position-relative\">\n        <!---->\n        <div class=\"h-row justify-content-lg-center justify-content-md-center justify-content-center align-items-lg-stretch align-items-md-stretch align-items-stretch gutters-col-lg-2 gutters-col-md-2 gutters-col-0 gutters-col-v-lg-2 gutters-col-v-md-2 gutters-col-v-2\">\n          <!---->\n          <div class=\"h-column h-column-container d-flex h-col-lg-auto h-col-md-auto h-col-auto style-1327-outer style-local-1661-c4-outer\">\n            <div data-colibri-id=\"1661-c4\" class=\"d-flex h-flex-basis h-column__inner h-px-lg-2 h-px-md-2 h-px-2 v-inner-lg-2 v-inner-md-2 v-inner-2 style-1327 style-local-1661-c4 position-relative\">\n              <!---->\n              <!---->\n              <div class=\"w-100 h-y-container h-column__content h-column__v-align flex-basis-100 align-self-lg-start align-self-md-start align-self-start\">\n                <!---->\n                <div data-colibri-id=\"1661-c5\" class=\"h-global-transition-all h-heading style-1328 style-local-1661-c5 position-relative h-element\">\n                  <!---->\n                  <div class=\"h-heading__outer style-1328 style-local-1661-c5\">\n                    <!---->\n                    <!---->\n                    <h1 class=\"\">L&rsquo;art dans le quotidien<\/h1>\n                  <\/div>\n                <\/div>\n              <\/div>\n            <\/div>\n          <\/div>\n        <\/div>\n      <\/div>\n    <\/div>\n  <\/div>\n  <div data-colibri-component=\"section\" data-colibri-id=\"1661-c7\" id=\"custom-2\" class=\"h-section h-section-global-spacing d-flex align-items-lg-center align-items-md-center align-items-center style-1330 style-local-1661-c7 position-relative\">\n    <!---->\n    <!---->\n    <div class=\"h-section-grid-container h-section-boxed-container\">\n      <!---->\n      <div data-colibri-id=\"1661-c8\" class=\"h-row-container gutters-row-lg-2 gutters-row-md-2 gutters-row-0 gutters-row-v-lg-2 gutters-row-v-md-2 gutters-row-v-2 style-1331 style-local-1661-c8 position-relative\">\n        <!---->\n        <div class=\"h-row justify-content-lg-center justify-content-md-center justify-content-center align-items-lg-stretch align-items-md-stretch align-items-stretch gutters-col-lg-2 gutters-col-md-2 gutters-col-0 gutters-col-v-lg-2 gutters-col-v-md-2 gutters-col-v-2\">\n          <!---->\n          <div class=\"h-column h-column-container d-flex h-col-lg-auto h-col-md-auto h-col-auto style-1332-outer style-local-1661-c9-outer\">\n            <div data-colibri-id=\"1661-c9\" class=\"d-flex h-flex-basis h-column__inner h-px-lg-2 h-px-md-2 h-px-2 v-inner-lg-2 v-inner-md-2 v-inner-2 style-1332 style-local-1661-c9 position-relative\">\n              <!---->\n              <!---->\n              <div class=\"w-100 h-y-container h-column__content h-column__v-align flex-basis-100 align-self-lg-start align-self-md-start align-self-start\">\n                <!---->\n                <div data-colibri-id=\"1661-c10\" class=\"h-text h-text-component style-1333 style-local-1661-c10 position-relative h-element\">\n                  <!---->\n                  <!---->\n                  <div class=\"\">\n                    <p>Loin d\u2019\u00eatre r\u00e9serv\u00e9 aux toiles accroch\u00e9es aux murs des galeries, l\u2019art a vocation \u00e0 impr\u00e9gner notre quotidien, \u00e0 s\u2019inviter dans nos gestes les plus simples, \u00e0 dialoguer avec les objets qui nous entourent. Une assiette, un plateau,\n                      une veste jean pr\u00e9f\u00e9r\u00e9e, chaque surface devient un support d\u2019expression.<\/p>\n                    <p>Peindre sur les objets du quotidien, c\u2019est abolir la fronti\u00e8re entre l\u2019utile et le beau, transformer l\u2019ordinaire en singulier. C\u2019est aussi offrir une nouvelle vie \u00e0 ces objets, leur insuffler une \u00e2me. Ainsi, chaque moment, m\u00eame anodin,\n                      peut devenir une rencontre avec l\u2019art.<\/p>\n                    <p>Sur cette page, je vous invite \u00e0 d\u00e9couvrir des peintures r\u00e9alis\u00e9es pour la famille, les amis et moi-m\u00eame, sur les supports peu conventionnels. Ces oeuvres ne sont, bien s\u00fbr, pas \u00e0 vendre, mais si vous avez un projet en t\u00eate, n&rsquo;h\u00e9sitez\n                      pas \u00e0 me contacter.<\/p>\n                  <\/div>\n                <\/div>\n              <\/div>\n            <\/div>\n          <\/div>\n        <\/div>\n      <\/div>\n    <\/div>\n  <\/div>\n  <div data-colibri-component=\"section\" data-colibri-id=\"1661-c11\" id=\"custom-3\" class=\"h-section h-section-global-spacing d-flex align-items-lg-center align-items-md-center align-items-center style-1334 style-local-1661-c11 position-relative\">\n    <!---->\n    <!---->\n    <div class=\"h-section-grid-container h-section-boxed-container\">\n      <!---->\n      <div data-colibri-id=\"1661-c16\" class=\"h-row-container gutters-row-lg-2 gutters-row-md-2 gutters-row-0 gutters-row-v-lg-2 gutters-row-v-md-2 gutters-row-v-2 style-1340 style-local-1661-c16 position-relative\">\n        <!---->\n        <div class=\"h-row justify-content-lg-center justify-content-md-center justify-content-center align-items-lg-stretch align-items-md-stretch align-items-stretch gutters-col-lg-2 gutters-col-md-2 gutters-col-0 gutters-col-v-lg-2 gutters-col-v-md-2 gutters-col-v-2\">\n          <!---->\n          <div class=\"h-column h-column-container d-flex h-col-lg-auto h-col-md-auto h-col-auto style-1341-outer style-local-1661-c17-outer\">\n            <div data-colibri-id=\"1661-c17\" class=\"d-flex h-flex-basis h-column__inner h-px-lg-2 h-px-md-2 h-px-2 v-inner-lg-2 v-inner-md-2 v-inner-2 style-1341 style-local-1661-c17 position-relative\">\n              <!---->\n              <!---->\n              <div class=\"w-100 h-y-container h-column__content h-column__v-align flex-basis-100 align-self-lg-start align-self-md-start align-self-start\">\n                <!---->\n                <div data-colibri-id=\"1661-c18\" class=\"h-global-transition-all h-heading style-1342 style-local-1661-c18 position-relative h-element\">\n                  <!---->\n                  <div class=\"h-heading__outer style-1342 style-local-1661-c18\">\n                    <!---->\n                    <!---->\n                    <h2 class=\"\">Habits<\/h2>\n                  <\/div>\n                <\/div>\n              <\/div>\n            <\/div>\n          <\/div>\n        <\/div>\n      <\/div>\n    <\/div>\n  <\/div>\n  <div data-colibri-component=\"section\" data-colibri-id=\"1661-c19\" id=\"custom-4\" class=\"h-section h-section-global-spacing d-flex align-items-lg-center align-items-md-center align-items-center style-1343 style-local-1661-c19 position-relative\">\n    <!---->\n    <!---->\n    <div class=\"h-section-grid-container h-section-boxed-container\">\n      <!---->\n      <div data-colibri-id=\"1661-c20\" class=\"h-row-container gutters-row-lg-2 gutters-row-md-2 gutters-row-0 gutters-row-v-lg-2 gutters-row-v-md-2 gutters-row-v-2 style-1344 style-local-1661-c20 position-relative\">\n        <!---->\n        <div class=\"h-row justify-content-lg-center justify-content-md-center justify-content-center align-items-lg-stretch align-items-md-stretch align-items-stretch gutters-col-lg-2 gutters-col-md-2 gutters-col-0 gutters-col-v-lg-2 gutters-col-v-md-2 gutters-col-v-2\">\n          <!---->\n          <div class=\"h-column h-column-container d-flex h-col-lg-auto h-col-md-auto h-col-auto style-1345-outer style-local-1661-c21-outer\">\n            <div data-colibri-id=\"1661-c21\" class=\"d-flex h-flex-basis h-column__inner h-px-lg-2 h-px-md-2 h-px-2 v-inner-lg-2 v-inner-md-2 v-inner-2 style-1345 style-local-1661-c21 position-relative\">\n              <!---->\n              <!---->\n              <div class=\"w-100 h-y-container h-column__content h-column__v-align flex-basis-100 align-self-lg-start align-self-md-start align-self-start\">\n                <!---->\n                <div data-colibri-component=\"masonry\" data-colibri-id=\"1661-c32\" class=\"h-photo-gallery margin-none caption-none style-1357 style-local-1661-c32 position-relative h-element\">\n                  <!---->\n                  <div class=\"h-global-transition-all\"><div id='colibri-1661-c32' class='gallery-wrapper'>    <style type=\"text\/css\">\n\n        @media (min-width: 1023px) {        #colibri-1661-c32        dl {\n            float: left;\n            width: 25% !important;\n            max-width: 25% !important;\n            min-width: 25% !important;\n        }\n\n        #colibri-1661-c32        dl:nth-of-type(4n +1 ) {\n            clear: both;\n        }\n\n        }@media (min-width: 768px) and (max-width: 1023px) {        #colibri-1661-c32        dl {\n            float: left;\n            width: 25% !important;\n            max-width: 25% !important;\n            min-width: 25% !important;\n        }\n\n        #colibri-1661-c32        dl:nth-of-type(4n +1 ) {\n            clear: both;\n        }\n\n        }@media (max-width: 767px) {        #colibri-1661-c32        dl {\n            float: left;\n            width: 25% !important;\n            max-width: 25% !important;\n            min-width: 25% !important;\n        }\n\n        #colibri-1661-c32        dl:nth-of-type(4n +1 ) {\n            clear: both;\n        }\n\n        }\n        #colibri-1661-c32        .gallery-item {\n            position: relative;\n        }\n\n        \n    <\/style>\n    <div   class='colibri-1661-c32-dls-wrapper gallery-items-wrapper' ><dl class='gallery-item masonry-item'>\n\t\t\t<dt class='gallery-icon portrait'>\n\t\t\t\t<img loading=\"lazy\" decoding=\"async\"  width=\"169\" height=\"300\" src=\"https:\/\/julialopez.fr\/wp-content\/uploads\/2024\/12\/IMG_20241201_163418-169x300.jpg\"  class='colibri-1661-c32-image' alt=\"\" srcset=\"https:\/\/julialopez.fr\/wp-content\/uploads\/2024\/12\/IMG_20241201_163418-169x300.jpg 169w, https:\/\/julialopez.fr\/wp-content\/uploads\/2024\/12\/IMG_20241201_163418-576x1024.jpg 576w, https:\/\/julialopez.fr\/wp-content\/uploads\/2024\/12\/IMG_20241201_163418-768x1365.jpg 768w, https:\/\/julialopez.fr\/wp-content\/uploads\/2024\/12\/IMG_20241201_163418-864x1536.jpg 864w, https:\/\/julialopez.fr\/wp-content\/uploads\/2024\/12\/IMG_20241201_163418-1152x2048.jpg 1152w, https:\/\/julialopez.fr\/wp-content\/uploads\/2024\/12\/IMG_20241201_163418-scaled.jpg 1440w\" sizes=\"auto, (max-width: 169px) 100vw, 169px\" \/>\n\t\t\t<\/dt><\/dl><dl class='gallery-item masonry-item'>\n\t\t\t<dt class='gallery-icon landscape'>\n\t\t\t\t<img loading=\"lazy\" decoding=\"async\"  width=\"300\" height=\"300\" src=\"https:\/\/julialopez.fr\/wp-content\/uploads\/2024\/09\/cropped-IMG_20240911_213702-scaled-1-300x300.jpg\"  class='colibri-1661-c32-image' alt=\"\" srcset=\"https:\/\/julialopez.fr\/wp-content\/uploads\/2024\/09\/cropped-IMG_20240911_213702-scaled-1-300x300.jpg 300w, https:\/\/julialopez.fr\/wp-content\/uploads\/2024\/09\/cropped-IMG_20240911_213702-scaled-1-1024x1024.jpg 1024w, https:\/\/julialopez.fr\/wp-content\/uploads\/2024\/09\/cropped-IMG_20240911_213702-scaled-1-150x150.jpg 150w, https:\/\/julialopez.fr\/wp-content\/uploads\/2024\/09\/cropped-IMG_20240911_213702-scaled-1-768x767.jpg 768w, https:\/\/julialopez.fr\/wp-content\/uploads\/2024\/09\/cropped-IMG_20240911_213702-scaled-1.jpg 1159w\" sizes=\"auto, (max-width: 300px) 100vw, 300px\" \/>\n\t\t\t<\/dt><\/dl>\n\t\t\t\n\t\t<\/div>\n<style>#colibri-1661-c32 .wp-caption-text.gallery-caption{display:none;}<\/style><\/div><\/div>\n                <\/div>\n              <\/div>\n            <\/div>\n          <\/div>\n        <\/div>\n      <\/div>\n    <\/div>\n  <\/div>\n<\/div>","protected":false},"excerpt":{"rendered":"<p>L&rsquo;art dans le quotidien Loin d\u2019\u00eatre r\u00e9serv\u00e9 aux toiles accroch\u00e9es aux murs des galeries, l\u2019art a vocation \u00e0 impr\u00e9gner notre quotidien, \u00e0 s\u2019inviter dans nos gestes les plus simples, \u00e0 dialoguer avec les objets qui nous entourent. Une assiette, un plateau, une veste jean pr\u00e9f\u00e9r\u00e9e, chaque surface devient un support d\u2019expression. Peindre sur les objets [&hellip;]<\/p>\n","protected":false},"author":1,"featured_media":0,"parent":0,"menu_order":0,"comment_status":"closed","ping_status":"closed","template":"page-templates\/full-width-page.php","meta":{"footnotes":""},"class_list":["post-1661","page","type-page","status-publish","hentry"],"_links":{"self":[{"href":"https:\/\/julialopez.fr\/index.php\/wp-json\/wp\/v2\/pages\/1661","targetHints":{"allow":["GET"]}}],"collection":[{"href":"https:\/\/julialopez.fr\/index.php\/wp-json\/wp\/v2\/pages"}],"about":[{"href":"https:\/\/julialopez.fr\/index.php\/wp-json\/wp\/v2\/types\/page"}],"author":[{"embeddable":true,"href":"https:\/\/julialopez.fr\/index.php\/wp-json\/wp\/v2\/users\/1"}],"replies":[{"embeddable":true,"href":"https:\/\/julialopez.fr\/index.php\/wp-json\/wp\/v2\/comments?post=1661"}],"version-history":[{"count":2,"href":"https:\/\/julialopez.fr\/index.php\/wp-json\/wp\/v2\/pages\/1661\/revisions"}],"predecessor-version":[{"id":1665,"href":"https:\/\/julialopez.fr\/index.php\/wp-json\/wp\/v2\/pages\/1661\/revisions\/1665"}],"wp:attachment":[{"href":"https:\/\/julialopez.fr\/index.php\/wp-json\/wp\/v2\/media?parent=1661"}],"curies":[{"name":"wp","href":"https:\/\/api.w.org\/{rel}","templated":true}]}}