{"id":1039,"date":"2024-09-29T22:27:11","date_gmt":"2024-09-29T20:27:11","guid":{"rendered":"https:\/\/julialopez.fr\/?page_id=1039"},"modified":"2025-04-12T00:24:24","modified_gmt":"2025-04-11T22:24:24","slug":"reverence","status":"publish","type":"page","link":"https:\/\/julialopez.fr\/index.php\/reverence\/","title":{"rendered":"R\u00e9v\u00e9rence"},"content":{"rendered":"<div data-colibri-id=\"1039-c1\" class=\"style-859 style-local-1039-c1 position-relative\">\n  <!---->\n  <div data-colibri-component=\"section\" data-colibri-id=\"1039-c2\" id=\"reusable-sections-3\" class=\"h-section h-section-global-spacing d-flex align-items-lg-center align-items-md-center align-items-center style-1192 style-local-1039-c2 position-relative\">\n    <!---->\n    <!---->\n    <div class=\"h-section-grid-container h-section-boxed-container\">\n      <!---->\n      <div data-colibri-id=\"1039-c3\" class=\"h-row-container gutters-row-lg-1 gutters-row-md-1 gutters-row-2 gutters-row-v-lg-1 gutters-row-v-md-1 gutters-row-v-2 style-1193 style-local-1039-c3 position-relative\">\n        <!---->\n        <div class=\"h-row justify-content-lg-center justify-content-md-center justify-content-center align-items-lg-stretch align-items-md-stretch align-items-stretch gutters-col-lg-1 gutters-col-md-1 gutters-col-2 gutters-col-v-lg-1 gutters-col-v-md-1 gutters-col-v-2\">\n          <!---->\n          <div class=\"h-column h-column-container d-flex h-col-lg-auto h-col-md-auto h-col-auto style-1194-outer style-local-1039-c4-outer\">\n            <div data-colibri-id=\"1039-c4\" class=\"d-flex h-flex-basis h-column__inner h-px-lg-2 h-px-md-2 h-px-2 v-inner-lg-2 v-inner-md-2 v-inner-2 style-1194 style-local-1039-c4 position-relative\">\n              <!---->\n              <!---->\n              <div class=\"w-100 h-y-container h-column__content h-column__v-align flex-basis-100 align-self-lg-start align-self-md-start align-self-start\">\n                <!---->\n                <div data-colibri-id=\"1039-c5\" class=\"h-global-transition-all h-heading style-1195 style-local-1039-c5 position-relative h-element\">\n                  <!---->\n                  <div class=\"h-heading__outer style-1195 style-local-1039-c5\">\n                    <!---->\n                    <!---->\n                    <h2 class=\"\">R\u00e9v\u00e9rence&nbsp;<\/h2>\n                  <\/div>\n                <\/div>\n                <div data-colibri-id=\"1039-c6\" class=\"h-lead h-text h-text-component style-1196 style-local-1039-c6 position-relative h-element\">\n                  <!---->\n                  <!---->\n                  <div class=\"\">\n                    <p><span style=\"font-weight: 400; font-family: Alegreya;\">Technique : acrylique<\/span><\/p>\n                    <p><span style=\"font-weight: 400; font-family: Alegreya;\">Toile : cotton, 46 x 65cm<\/span><\/p>\n                    <p><span style=\"font-weight: 400; font-family: Alegreya;\">Encadr\u00e9 : non<\/span><\/p>\n                    <p><span style=\"font-weight: 400; font-family: Alegreya;\">Vernis : oui<\/span><\/p>\n                    <p><span style=\"font-weight: 400; font-family: Alegreya;\">Disponibilit\u00e9 : disponible<\/span><\/p>\n                    <p>\n                      <br>\n                    <\/p>\n                  <\/div>\n                <\/div>\n              <\/div>\n            <\/div>\n          <\/div>\n          <div class=\"h-column h-column-container d-flex h-col-lg-auto h-col-md-auto h-col-auto style-1197-outer style-local-1039-c7-outer\">\n            <div data-colibri-id=\"1039-c7\" class=\"d-flex h-flex-basis h-column__inner h-px-lg-0 h-px-md-0 h-px-0 v-inner-lg-0 v-inner-md-0 v-inner-0 style-1197 style-local-1039-c7 position-relative\">\n              <!---->\n              <!---->\n              <div class=\"w-100 h-y-container h-column__content h-column__v-align flex-basis-100 align-self-lg-center align-self-md-center align-self-center\">\n                <!---->\n                <div data-colibri-component=\"masonry\" data-colibri-id=\"1039-c8\" class=\"h-photo-gallery margin-none caption-none style-1198 style-local-1039-c8 position-relative h-element\">\n                  <!---->\n                  <div class=\"h-global-transition-all\"><div id='colibri-1039-c8' class='gallery-wrapper'>    <style type=\"text\/css\">\n\n        @media (min-width: 1023px) {        #colibri-1039-c8        dl {\n            float: left;\n            width: 25% !important;\n            max-width: 25% !important;\n            min-width: 25% !important;\n        }\n\n        #colibri-1039-c8        dl:nth-of-type(4n +1 ) {\n            clear: both;\n        }\n\n        }@media (min-width: 768px) and (max-width: 1023px) {        #colibri-1039-c8        dl {\n            float: left;\n            width: 25% !important;\n            max-width: 25% !important;\n            min-width: 25% !important;\n        }\n\n        #colibri-1039-c8        dl:nth-of-type(4n +1 ) {\n            clear: both;\n        }\n\n        }@media (max-width: 767px) {        #colibri-1039-c8        dl {\n            float: left;\n            width: 50% !important;\n            max-width: 50% !important;\n            min-width: 50% !important;\n        }\n\n        #colibri-1039-c8        dl:nth-of-type(2n +1 ) {\n            clear: both;\n        }\n\n        }\n        #colibri-1039-c8        .gallery-item {\n            position: relative;\n        }\n\n        \n    <\/style>\n    <div   class='colibri-1039-c8-dls-wrapper gallery-items-wrapper' ><dl class='gallery-item masonry-item'>\n\t\t\t<dt class='gallery-icon portrait'>\n\t\t\t\t<a data-fancybox=\"colibri-1039-c8-group\" href='https:\/\/julialopez.fr\/wp-content\/uploads\/2024\/09\/cropped-principal-scaled-1.jpg'><img loading=\"lazy\" decoding=\"async\"  width=\"300\" height=\"300\" src=\"https:\/\/julialopez.fr\/wp-content\/uploads\/2024\/09\/cropped-principal-scaled-1-300x300.jpg\"  class='colibri-1039-c8-image' alt=\"\" aria-describedby=\"gallery-1-1042\" srcset=\"https:\/\/julialopez.fr\/wp-content\/uploads\/2024\/09\/cropped-principal-scaled-1-300x300.jpg 300w, https:\/\/julialopez.fr\/wp-content\/uploads\/2024\/09\/cropped-principal-scaled-1-1021x1024.jpg 1021w, https:\/\/julialopez.fr\/wp-content\/uploads\/2024\/09\/cropped-principal-scaled-1-150x150.jpg 150w, https:\/\/julialopez.fr\/wp-content\/uploads\/2024\/09\/cropped-principal-scaled-1-768x770.jpg 768w, https:\/\/julialopez.fr\/wp-content\/uploads\/2024\/09\/cropped-principal-scaled-1.jpg 1437w\" sizes=\"auto, (max-width: 300px) 100vw, 300px\" \/><\/a>\n\t\t\t<\/dt>\n\t\t\t\t<div class=\"gallery-caption__wrapper\"><dd class='wp-caption-text gallery-caption' id='gallery-1-1042'>\n\t\t\t\tcheval r\u00e9v\u00e9rence\n\t\t\t\t<\/dd><\/div><\/dl><dl class='gallery-item masonry-item'>\n\t\t\t<dt class='gallery-icon portrait'>\n\t\t\t\t<a data-fancybox=\"colibri-1039-c8-group\" href='https:\/\/julialopez.fr\/wp-content\/uploads\/2024\/09\/zoom-scaled.jpg'><img loading=\"lazy\" decoding=\"async\"  width=\"169\" height=\"300\" src=\"https:\/\/julialopez.fr\/wp-content\/uploads\/2024\/09\/zoom-169x300.jpg\"  class='colibri-1039-c8-image' alt=\"\" srcset=\"https:\/\/julialopez.fr\/wp-content\/uploads\/2024\/09\/zoom-169x300.jpg 169w, https:\/\/julialopez.fr\/wp-content\/uploads\/2024\/09\/zoom-576x1024.jpg 576w, https:\/\/julialopez.fr\/wp-content\/uploads\/2024\/09\/zoom-768x1365.jpg 768w, https:\/\/julialopez.fr\/wp-content\/uploads\/2024\/09\/zoom-864x1536.jpg 864w, https:\/\/julialopez.fr\/wp-content\/uploads\/2024\/09\/zoom-1152x2048.jpg 1152w, https:\/\/julialopez.fr\/wp-content\/uploads\/2024\/09\/zoom-scaled.jpg 1440w\" sizes=\"auto, (max-width: 169px) 100vw, 169px\" \/><\/a>\n\t\t\t<\/dt><\/dl><dl class='gallery-item masonry-item'>\n\t\t\t<dt class='gallery-icon portrait'>\n\t\t\t\t<a data-fancybox=\"colibri-1039-c8-group\" href='https:\/\/julialopez.fr\/wp-content\/uploads\/2024\/09\/IMG_20240929_094810-1.jpg'><img loading=\"lazy\" decoding=\"async\"  width=\"182\" height=\"300\" src=\"https:\/\/julialopez.fr\/wp-content\/uploads\/2024\/09\/IMG_20240929_094810-1-182x300.jpg\"  class='colibri-1039-c8-image' alt=\"\" srcset=\"https:\/\/julialopez.fr\/wp-content\/uploads\/2024\/09\/IMG_20240929_094810-1-182x300.jpg 182w, https:\/\/julialopez.fr\/wp-content\/uploads\/2024\/09\/IMG_20240929_094810-1-622x1024.jpg 622w, https:\/\/julialopez.fr\/wp-content\/uploads\/2024\/09\/IMG_20240929_094810-1-768x1265.jpg 768w, https:\/\/julialopez.fr\/wp-content\/uploads\/2024\/09\/IMG_20240929_094810-1-932x1536.jpg 932w, https:\/\/julialopez.fr\/wp-content\/uploads\/2024\/09\/IMG_20240929_094810-1-1243x2048.jpg 1243w, https:\/\/julialopez.fr\/wp-content\/uploads\/2024\/09\/IMG_20240929_094810-1.jpg 1525w\" sizes=\"auto, (max-width: 182px) 100vw, 182px\" \/><\/a>\n\t\t\t<\/dt><\/dl><dl class='gallery-item masonry-item'>\n\t\t\t<dt class='gallery-icon portrait'>\n\t\t\t\t<a data-fancybox=\"colibri-1039-c8-group\" href='https:\/\/julialopez.fr\/wp-content\/uploads\/2024\/09\/back-1-scaled.jpg'><img loading=\"lazy\" decoding=\"async\"  width=\"169\" height=\"300\" src=\"https:\/\/julialopez.fr\/wp-content\/uploads\/2024\/09\/back-1-169x300.jpg\"  class='colibri-1039-c8-image' alt=\"\" srcset=\"https:\/\/julialopez.fr\/wp-content\/uploads\/2024\/09\/back-1-169x300.jpg 169w, https:\/\/julialopez.fr\/wp-content\/uploads\/2024\/09\/back-1-576x1024.jpg 576w, https:\/\/julialopez.fr\/wp-content\/uploads\/2024\/09\/back-1-768x1365.jpg 768w, https:\/\/julialopez.fr\/wp-content\/uploads\/2024\/09\/back-1-864x1536.jpg 864w, https:\/\/julialopez.fr\/wp-content\/uploads\/2024\/09\/back-1-1152x2048.jpg 1152w, https:\/\/julialopez.fr\/wp-content\/uploads\/2024\/09\/back-1-scaled.jpg 1440w\" sizes=\"auto, (max-width: 169px) 100vw, 169px\" \/><\/a>\n\t\t\t<\/dt><\/dl><dl class='gallery-item masonry-item'>\n\t\t\t<dt class='gallery-icon portrait'>\n\t\t\t\t<a data-fancybox=\"colibri-1039-c8-group\" href='https:\/\/julialopez.fr\/wp-content\/uploads\/2024\/09\/principal-scaled.jpg'><img loading=\"lazy\" decoding=\"async\"  width=\"169\" height=\"300\" src=\"https:\/\/julialopez.fr\/wp-content\/uploads\/2024\/09\/principal-169x300.jpg\"  class='colibri-1039-c8-image' alt=\"\" srcset=\"https:\/\/julialopez.fr\/wp-content\/uploads\/2024\/09\/principal-169x300.jpg 169w, https:\/\/julialopez.fr\/wp-content\/uploads\/2024\/09\/principal-576x1024.jpg 576w, https:\/\/julialopez.fr\/wp-content\/uploads\/2024\/09\/principal-768x1365.jpg 768w, https:\/\/julialopez.fr\/wp-content\/uploads\/2024\/09\/principal-864x1536.jpg 864w, https:\/\/julialopez.fr\/wp-content\/uploads\/2024\/09\/principal-1152x2048.jpg 1152w, https:\/\/julialopez.fr\/wp-content\/uploads\/2024\/09\/principal-scaled.jpg 1440w\" sizes=\"auto, (max-width: 169px) 100vw, 169px\" \/><\/a>\n\t\t\t<\/dt><\/dl><dl class='gallery-item masonry-item'>\n\t\t\t<dt class='gallery-icon portrait'>\n\t\t\t\t<a data-fancybox=\"colibri-1039-c8-group\" href='https:\/\/julialopez.fr\/wp-content\/uploads\/2025\/04\/5b971e90-1723-11f0-90b0-9b2b39f551ea-scaled.jpg'><img loading=\"lazy\" decoding=\"async\"  width=\"237\" height=\"300\" src=\"https:\/\/julialopez.fr\/wp-content\/uploads\/2025\/04\/5b971e90-1723-11f0-90b0-9b2b39f551ea-237x300.jpg\"  class='colibri-1039-c8-image' alt=\"\" srcset=\"https:\/\/julialopez.fr\/wp-content\/uploads\/2025\/04\/5b971e90-1723-11f0-90b0-9b2b39f551ea-237x300.jpg 237w, https:\/\/julialopez.fr\/wp-content\/uploads\/2025\/04\/5b971e90-1723-11f0-90b0-9b2b39f551ea-810x1024.jpg 810w, https:\/\/julialopez.fr\/wp-content\/uploads\/2025\/04\/5b971e90-1723-11f0-90b0-9b2b39f551ea-768x971.jpg 768w, https:\/\/julialopez.fr\/wp-content\/uploads\/2025\/04\/5b971e90-1723-11f0-90b0-9b2b39f551ea-1215x1536.jpg 1215w, https:\/\/julialopez.fr\/wp-content\/uploads\/2025\/04\/5b971e90-1723-11f0-90b0-9b2b39f551ea-1620x2048.jpg 1620w, https:\/\/julialopez.fr\/wp-content\/uploads\/2025\/04\/5b971e90-1723-11f0-90b0-9b2b39f551ea-scaled.jpg 2026w\" sizes=\"auto, (max-width: 237px) 100vw, 237px\" \/><\/a>\n\t\t\t<\/dt><\/dl><dl class='gallery-item masonry-item'>\n\t\t\t<dt class='gallery-icon portrait'>\n\t\t\t\t<a data-fancybox=\"colibri-1039-c8-group\" href='https:\/\/julialopez.fr\/wp-content\/uploads\/2025\/04\/6a32e560-1723-11f0-90b0-9b2b39f551ea-scaled.jpg'><img loading=\"lazy\" decoding=\"async\"  width=\"237\" height=\"300\" src=\"https:\/\/julialopez.fr\/wp-content\/uploads\/2025\/04\/6a32e560-1723-11f0-90b0-9b2b39f551ea-237x300.jpg\"  class='colibri-1039-c8-image' alt=\"\" srcset=\"https:\/\/julialopez.fr\/wp-content\/uploads\/2025\/04\/6a32e560-1723-11f0-90b0-9b2b39f551ea-237x300.jpg 237w, https:\/\/julialopez.fr\/wp-content\/uploads\/2025\/04\/6a32e560-1723-11f0-90b0-9b2b39f551ea-810x1024.jpg 810w, https:\/\/julialopez.fr\/wp-content\/uploads\/2025\/04\/6a32e560-1723-11f0-90b0-9b2b39f551ea-768x971.jpg 768w, https:\/\/julialopez.fr\/wp-content\/uploads\/2025\/04\/6a32e560-1723-11f0-90b0-9b2b39f551ea-1215x1536.jpg 1215w, https:\/\/julialopez.fr\/wp-content\/uploads\/2025\/04\/6a32e560-1723-11f0-90b0-9b2b39f551ea-1620x2048.jpg 1620w, https:\/\/julialopez.fr\/wp-content\/uploads\/2025\/04\/6a32e560-1723-11f0-90b0-9b2b39f551ea-scaled.jpg 2026w\" sizes=\"auto, (max-width: 237px) 100vw, 237px\" \/><\/a>\n\t\t\t<\/dt><\/dl>\n\t\t\t\n\t\t<\/div>\n<style>#colibri-1039-c8 .wp-caption-text.gallery-caption{display:none;}<\/style><\/div><\/div>\n                <\/div>\n              <\/div>\n            <\/div>\n          <\/div>\n        <\/div>\n      <\/div>\n    <\/div>\n  <\/div>\n<\/div>","protected":false},"excerpt":{"rendered":"<p>R\u00e9v\u00e9rence&nbsp; Technique : acrylique Toile : cotton, 46 x 65cm Encadr\u00e9 : non Vernis : oui Disponibilit\u00e9 : disponible<\/p>\n","protected":false},"author":1,"featured_media":0,"parent":0,"menu_order":0,"comment_status":"closed","ping_status":"closed","template":"page-templates\/full-width-page.php","meta":{"footnotes":""},"class_list":["post-1039","page","type-page","status-publish","hentry"],"_links":{"self":[{"href":"https:\/\/julialopez.fr\/index.php\/wp-json\/wp\/v2\/pages\/1039","targetHints":{"allow":["GET"]}}],"collection":[{"href":"https:\/\/julialopez.fr\/index.php\/wp-json\/wp\/v2\/pages"}],"about":[{"href":"https:\/\/julialopez.fr\/index.php\/wp-json\/wp\/v2\/types\/page"}],"author":[{"embeddable":true,"href":"https:\/\/julialopez.fr\/index.php\/wp-json\/wp\/v2\/users\/1"}],"replies":[{"embeddable":true,"href":"https:\/\/julialopez.fr\/index.php\/wp-json\/wp\/v2\/comments?post=1039"}],"version-history":[{"count":4,"href":"https:\/\/julialopez.fr\/index.php\/wp-json\/wp\/v2\/pages\/1039\/revisions"}],"predecessor-version":[{"id":2045,"href":"https:\/\/julialopez.fr\/index.php\/wp-json\/wp\/v2\/pages\/1039\/revisions\/2045"}],"wp:attachment":[{"href":"https:\/\/julialopez.fr\/index.php\/wp-json\/wp\/v2\/media?parent=1039"}],"curies":[{"name":"wp","href":"https:\/\/api.w.org\/{rel}","templated":true}]}}